{"id":80,"date":"2025-01-09T08:15:23","date_gmt":"2025-01-09T08:15:23","guid":{"rendered":"https:\/\/mediumblue-armadillo-404087.hostingersite.com\/?page_id=80"},"modified":"2025-09-15T20:11:39","modified_gmt":"2025-09-15T20:11:39","slug":"commitments-and-values","status":"publish","type":"page","link":"https:\/\/kcn-global.com\/en\/commitments-and-values\/","title":{"rendered":"Commitments And Values"},"content":{"rendered":"<div data-elementor-type=\"wp-page\" data-elementor-id=\"80\" class=\"elementor elementor-80\" data-elementor-post-type=\"page\">\n\t\t\t\t<div class=\"elementor-element elementor-element-9aea72 e-flex e-con-boxed e-con e-parent\" data-id=\"9aea72\" data-element_type=\"container\" data-e-type=\"container\" data-settings=\"{&quot;background_background&quot;:&quot;classic&quot;}\">\n\t\t\t\t\t<div class=\"e-con-inner\">\n\t\t\t\t<div class=\"elementor-element elementor-element-1cb96a00 elementor-widget elementor-widget-heading\" data-id=\"1cb96a00\" data-element_type=\"widget\" data-e-type=\"widget\" data-widget_type=\"heading.default\">\n\t\t\t\t<div class=\"elementor-widget-container\">\n\t\t\t\t\t<h2 class=\"elementor-heading-title elementor-size-default\">Commitment and values<\/h2>\t\t\t\t<\/div>\n\t\t\t\t<\/div>\n\t\t\t\t\t<\/div>\n\t\t\t\t<\/div>\n\t\t<div class=\"elementor-element elementor-element-a956750 e-flex e-con-boxed e-con e-parent\" data-id=\"a956750\" data-element_type=\"container\" data-e-type=\"container\">\n\t\t\t\t\t<div class=\"e-con-inner\">\n\t\t<div class=\"elementor-element elementor-element-8ffcf67 e-con-full e-flex e-con e-child\" data-id=\"8ffcf67\" data-element_type=\"container\" data-e-type=\"container\">\n\t\t\t\t<div class=\"elementor-element elementor-element-18e541c5 elementor-widget elementor-widget-image\" data-id=\"18e541c5\" data-element_type=\"widget\" data-e-type=\"widget\" data-widget_type=\"image.default\">\n\t\t\t\t<div class=\"elementor-widget-container\">\n\t\t\t\t\t\t\t\t\t\t\t\t\t\t\t<img fetchpriority=\"high\" decoding=\"async\" width=\"1920\" height=\"1440\" src=\"https:\/\/kcn-global.com\/wp-content\/uploads\/2025\/01\/Service-Image-1.1.jpg\" class=\"attachment-full size-full wp-image-62\" alt=\"\" srcset=\"https:\/\/kcn-global.com\/wp-content\/uploads\/2025\/01\/Service-Image-1.1.jpg 1920w, https:\/\/kcn-global.com\/wp-content\/uploads\/2025\/01\/Service-Image-1.1-300x225.jpg 300w, https:\/\/kcn-global.com\/wp-content\/uploads\/2025\/01\/Service-Image-1.1-1024x768.jpg 1024w, https:\/\/kcn-global.com\/wp-content\/uploads\/2025\/01\/Service-Image-1.1-768x576.jpg 768w, https:\/\/kcn-global.com\/wp-content\/uploads\/2025\/01\/Service-Image-1.1-1536x1152.jpg 1536w\" sizes=\"(max-width: 1920px) 100vw, 1920px\" \/>\t\t\t\t\t\t\t\t\t\t\t\t\t\t\t<\/div>\n\t\t\t\t<\/div>\n\t\t\t\t<\/div>\n\t\t<div class=\"elementor-element elementor-element-0cfc405 e-con-full e-flex e-con e-child\" data-id=\"0cfc405\" data-element_type=\"container\" data-e-type=\"container\">\n\t\t\t\t<div class=\"elementor-element elementor-element-55c466e elementor-widget elementor-widget-text-editor\" data-id=\"55c466e\" data-element_type=\"widget\" data-e-type=\"widget\" data-widget_type=\"text-editor.default\">\n\t\t\t\t<div class=\"elementor-widget-container\">\n\t\t\t\t\t\t\t\t\tEn este momento debemos manifestar que es important\u00edsimo el ser consecuentes, es decir, obrar de acuerdo con esos valores. No sirve de nada tener claros nuestros principios, pero aplicarlos de manera distinta dependiendo del d\u00eda, la persona o la situaci\u00f3n.\n\nComo nexo entre el equipo directivo, trabajadores y clientes deberemos transmitir dichos valores. La claridad y la constancia son fundamentales en esta funci\u00f3n de ense\u00f1anza.\n\nTambi\u00e9n es sumamente importante que nuestro equipo de trabajo pueda entender nuestra manera de pensar y de actuar como algo suyo.\n\nDebemos ser coherentes y consecuentes\u00a0en todos y cada uno de los procesos que llevemos acabo.\n\nLa profesionalidad y el esfuerzo deben ser siempre nuestras banderas.\n\nAt KCN Global, we are not just committed to achieving results but also to creating a positive and lasting impact in the sports industry. Our dedication to these principles ensures we remain a trusted partner in navigating challenges and unlocking opportunities for growth and success in sports.\t\t\t\t\t\t\t\t<\/div>\n\t\t\t\t<\/div>\n\t\t\t\t<\/div>\n\t\t\t\t\t<\/div>\n\t\t\t\t<\/div>\n\t\t<div class=\"elementor-element elementor-element-1ad94930 e-flex e-con-boxed e-con e-parent\" data-id=\"1ad94930\" data-element_type=\"container\" data-e-type=\"container\">\n\t\t\t\t\t<div class=\"e-con-inner\">\n\t\t<div class=\"elementor-element elementor-element-4607abd7 e-con-full e-flex e-con e-child\" data-id=\"4607abd7\" data-element_type=\"container\" data-e-type=\"container\">\n\t\t\t\t<div class=\"elementor-element elementor-element-638dabaf elementor-widget elementor-widget-heading\" data-id=\"638dabaf\" data-element_type=\"widget\" data-e-type=\"widget\" data-widget_type=\"heading.default\">\n\t\t\t\t<div class=\"elementor-widget-container\">\n\t\t\t\t\t<h3 class=\"elementor-heading-title elementor-size-default\">Principios y valores de nuestra Gesti\u00f3n.\n<\/h3>\t\t\t\t<\/div>\n\t\t\t\t<\/div>\n\t\t\t\t<div class=\"elementor-element elementor-element-2655a0aa elementor-widget elementor-widget-text-editor\" data-id=\"2655a0aa\" data-element_type=\"widget\" data-e-type=\"widget\" data-widget_type=\"text-editor.default\">\n\t\t\t\t<div class=\"elementor-widget-container\">\n\t\t\t\t\t\t\t\t\t<p>Nuestra gesti\u00f3n se centra en la transparencia y la responsabilidad, fomentando la confianza tanto dentro de nuestro equipo como con nuestros clientes. Creemos que hay que predicar con el ejemplo, demostrar un comportamiento \u00e9tico y tomar decisiones que prioricen el bienestar y el \u00e9xito de todas las partes interesadas. La innovaci\u00f3n est\u00e1 en el centro de nuestro enfoque, ya que buscamos continuamente nuevas formas de abordar los retos y ofrecer soluciones impactantes.<\/p>\t\t\t\t\t\t\t\t<\/div>\n\t\t\t\t<\/div>\n\t\t<div class=\"elementor-element elementor-element-78611063 e-con-full e-flex e-con e-child\" data-id=\"78611063\" data-element_type=\"container\" data-e-type=\"container\">\n\t\t<div class=\"elementor-element elementor-element-4c359af e-con-full e-flex e-con e-child\" data-id=\"4c359af\" data-element_type=\"container\" data-e-type=\"container\">\n\t\t\t\t<div class=\"elementor-element elementor-element-5985ccea elementor-widget elementor-widget-icon-box\" data-id=\"5985ccea\" data-element_type=\"widget\" data-e-type=\"widget\" data-widget_type=\"icon-box.default\">\n\t\t\t\t<div class=\"elementor-widget-container\">\n\t\t\t\t\t\t\t<div class=\"elementor-icon-box-wrapper\">\n\n\t\t\t\n\t\t\t\t\t\t<div class=\"elementor-icon-box-content\">\n\n\t\t\t\t\t\t\t\t\t<div class=\"elementor-icon-box-title\">\n\t\t\t\t\t\t<span  >\n\t\t\t\t\t\t\t01. Integridad\t\t\t\t\t\t<\/span>\n\t\t\t\t\t<\/div>\n\t\t\t\t\n\t\t\t\t\t\t\t\t\t<p class=\"elementor-icon-box-description\">\n\t\t\t\t\t\tCumplimos las normas \u00e9ticas m\u00e1s estrictas, garantizando honradez y transparencia en cada decisi\u00f3n y acci\u00f3n.\t\t\t\t\t<\/p>\n\t\t\t\t\n\t\t\t<\/div>\n\t\t\t\n\t\t<\/div>\n\t\t\t\t\t\t<\/div>\n\t\t\t\t<\/div>\n\t\t\t\t<div class=\"elementor-element elementor-element-1eb4b154 elementor-widget elementor-widget-icon-box\" data-id=\"1eb4b154\" data-element_type=\"widget\" data-e-type=\"widget\" data-widget_type=\"icon-box.default\">\n\t\t\t\t<div class=\"elementor-widget-container\">\n\t\t\t\t\t\t\t<div class=\"elementor-icon-box-wrapper\">\n\n\t\t\t\n\t\t\t\t\t\t<div class=\"elementor-icon-box-content\">\n\n\t\t\t\t\t\t\t\t\t<div class=\"elementor-icon-box-title\">\n\t\t\t\t\t\t<span  >\n\t\t\t\t\t\t\t02. Responsabilidad\t\t\t\t\t\t<\/span>\n\t\t\t\t\t<\/div>\n\t\t\t\t\n\t\t\t\t\t\t\t\t\t<p class=\"elementor-icon-box-description\">\n\t\t\t\t\t\tNuestros directivos asumen toda la responsabilidad de cumplir los compromisos y mantener la confianza con los clientes y las partes interesadas...\t\t\t\t\t<\/p>\n\t\t\t\t\n\t\t\t<\/div>\n\t\t\t\n\t\t<\/div>\n\t\t\t\t\t\t<\/div>\n\t\t\t\t<\/div>\n\t\t\t\t<div class=\"elementor-element elementor-element-506be554 elementor-widget elementor-widget-icon-box\" data-id=\"506be554\" data-element_type=\"widget\" data-e-type=\"widget\" data-widget_type=\"icon-box.default\">\n\t\t\t\t<div class=\"elementor-widget-container\">\n\t\t\t\t\t\t\t<div class=\"elementor-icon-box-wrapper\">\n\n\t\t\t\n\t\t\t\t\t\t<div class=\"elementor-icon-box-content\">\n\n\t\t\t\t\t\t\t\t\t<div class=\"elementor-icon-box-title\">\n\t\t\t\t\t\t<span  >\n\t\t\t\t\t\t\t03. Innovaci\u00f3n\t\t\t\t\t\t<\/span>\n\t\t\t\t\t<\/div>\n\t\t\t\t\n\t\t\t\t\t\t\t\t\t<p class=\"elementor-icon-box-description\">\n\t\t\t\t\t\tAdoptamos la creatividad y la visi\u00f3n de futuro para desarrollar soluciones \u00fanicas y eficaces a retos complejos.\t\t\t\t\t<\/p>\n\t\t\t\t\n\t\t\t<\/div>\n\t\t\t\n\t\t<\/div>\n\t\t\t\t\t\t<\/div>\n\t\t\t\t<\/div>\n\t\t\t\t<div class=\"elementor-element elementor-element-85b3bbc elementor-widget elementor-widget-icon-box\" data-id=\"85b3bbc\" data-element_type=\"widget\" data-e-type=\"widget\" data-widget_type=\"icon-box.default\">\n\t\t\t\t<div class=\"elementor-widget-container\">\n\t\t\t\t\t\t\t<div class=\"elementor-icon-box-wrapper\">\n\n\t\t\t\n\t\t\t\t\t\t<div class=\"elementor-icon-box-content\">\n\n\t\t\t\t\t\t\t\t\t<div class=\"elementor-icon-box-title\">\n\t\t\t\t\t\t<span  >\n\t\t\t\t\t\t\t04. Focalizados en el cliente\t\t\t\t\t\t<\/span>\n\t\t\t\t\t<\/div>\n\t\t\t\t\n\t\t\t\t\t\t\t\t\t<p class=\"elementor-icon-box-description\">\n\t\t\t\t\t\tNuestra prioridad es comprender y atender las necesidades espec\u00edficas de nuestros clientes, ofreciendo soluciones a medida que generen valor.\t\t\t\t\t<\/p>\n\t\t\t\t\n\t\t\t<\/div>\n\t\t\t\n\t\t<\/div>\n\t\t\t\t\t\t<\/div>\n\t\t\t\t<\/div>\n\t\t\t\t<div class=\"elementor-element elementor-element-40c3a397 elementor-widget elementor-widget-icon-box\" data-id=\"40c3a397\" data-element_type=\"widget\" data-e-type=\"widget\" data-widget_type=\"icon-box.default\">\n\t\t\t\t<div class=\"elementor-widget-container\">\n\t\t\t\t\t\t\t<div class=\"elementor-icon-box-wrapper\">\n\n\t\t\t\n\t\t\t\t\t\t<div class=\"elementor-icon-box-content\">\n\n\t\t\t\t\t\t\t\t\t<div class=\"elementor-icon-box-title\">\n\t\t\t\t\t\t<span  >\n\t\t\t\t\t\t\t05. Sostenibilidad\t\t\t\t\t\t<\/span>\n\t\t\t\t\t<\/div>\n\t\t\t\t\n\t\t\t\t\t\t\t\t\t<p class=\"elementor-icon-box-description\">\n\t\t\t\t\t\tNuestra direcci\u00f3n se compromete a tomar decisiones que generen beneficios a largo plazo para las empresas, las comunidades y el medio ambiente.\t\t\t\t\t<\/p>\n\t\t\t\t\n\t\t\t<\/div>\n\t\t\t\n\t\t<\/div>\n\t\t\t\t\t\t<\/div>\n\t\t\t\t<\/div>\n\t\t\t\t<div class=\"elementor-element elementor-element-79760cd elementor-widget elementor-widget-icon-box\" data-id=\"79760cd\" data-element_type=\"widget\" data-e-type=\"widget\" data-widget_type=\"icon-box.default\">\n\t\t\t\t<div class=\"elementor-widget-container\">\n\t\t\t\t\t\t\t<div class=\"elementor-icon-box-wrapper\">\n\n\t\t\t\n\t\t\t\t\t\t<div class=\"elementor-icon-box-content\">\n\n\t\t\t\t\t\t\t\t\t<div class=\"elementor-icon-box-title\">\n\t\t\t\t\t\t<span  >\n\t\t\t\t\t\t\t06. Crecimiento y desarrollo\t\t\t\t\t\t<\/span>\n\t\t\t\t\t<\/div>\n\t\t\t\t\n\t\t\t\t\t\t\t\t\t<p class=\"elementor-icon-box-description\">\n\t\t\t\t\t\tInvertimos en el aprendizaje continuo y el crecimiento profesional de nuestro equipo, garantizando que est\u00e9n preparados para sobresalir en sus funciones.\t\t\t\t\t<\/p>\n\t\t\t\t\n\t\t\t<\/div>\n\t\t\t\n\t\t<\/div>\n\t\t\t\t\t\t<\/div>\n\t\t\t\t<\/div>\n\t\t\t\t<\/div>\n\t\t<div class=\"elementor-element elementor-element-1d258b35 e-con-full e-flex e-con e-child\" data-id=\"1d258b35\" data-element_type=\"container\" data-e-type=\"container\">\n\t\t\t\t<div class=\"elementor-element elementor-element-666a5757 elementor-widget elementor-widget-image\" data-id=\"666a5757\" data-element_type=\"widget\" data-e-type=\"widget\" data-widget_type=\"image.default\">\n\t\t\t\t<div class=\"elementor-widget-container\">\n\t\t\t\t\t\t\t\t\t\t\t\t\t\t\t<img decoding=\"async\" width=\"900\" height=\"900\" src=\"https:\/\/kcn-global.com\/wp-content\/uploads\/2025\/01\/Service-Detail-Image.jpg\" class=\"attachment-full size-full wp-image-203\" alt=\"\" srcset=\"https:\/\/kcn-global.com\/wp-content\/uploads\/2025\/01\/Service-Detail-Image.jpg 900w, https:\/\/kcn-global.com\/wp-content\/uploads\/2025\/01\/Service-Detail-Image-300x300.jpg 300w, https:\/\/kcn-global.com\/wp-content\/uploads\/2025\/01\/Service-Detail-Image-150x150.jpg 150w, https:\/\/kcn-global.com\/wp-content\/uploads\/2025\/01\/Service-Detail-Image-768x768.jpg 768w\" sizes=\"(max-width: 900px) 100vw, 900px\" \/>\t\t\t\t\t\t\t\t\t\t\t\t\t\t\t<\/div>\n\t\t\t\t<\/div>\n\t\t\t\t<\/div>\n\t\t\t\t<\/div>\n\t\t\t\t<\/div>\n\t\t\t\t\t<\/div>\n\t\t\t\t<\/div>\n\t\t\t\t<\/div>","protected":false},"excerpt":{"rendered":"<p>Compromiso y valores En este momento debemos manifestar que es important\u00edsimo el ser consecuentes, es decir, obrar de acuerdo con [&hellip;]<\/p>","protected":false},"author":1,"featured_media":0,"parent":0,"menu_order":0,"comment_status":"closed","ping_status":"closed","template":"","meta":{"site-sidebar-layout":"no-sidebar","site-content-layout":"","ast-site-content-layout":"full-width-container","site-content-style":"default","site-sidebar-style":"default","ast-global-header-display":"","ast-banner-title-visibility":"","ast-main-header-display":"","ast-hfb-above-header-display":"","ast-hfb-below-header-display":"","ast-hfb-mobile-header-display":"","site-post-title":"disabled","ast-breadcrumbs-content":"","ast-featured-img":"disabled","footer-sml-layout":"","ast-disable-related-posts":"","theme-transparent-header-meta":"","adv-header-id-meta":"","stick-header-meta":"","header-above-stick-meta":"","header-main-stick-meta":"","header-below-stick-meta":"","astra-migrate-meta-layouts":"default","ast-page-background-enabled":"default","ast-page-background-meta":{"desktop":{"background-color":"var(--ast-global-color-5)","background-image":"","background-repeat":"repeat","background-position":"center center","background-size":"auto","background-attachment":"scroll","background-type":"","background-media":"","overlay-type":"","overlay-color":"","overlay-opacity":"","overlay-gradient":""},"tablet":{"background-color":"","background-image":"","background-repeat":"repeat","background-position":"center center","background-size":"auto","background-attachment":"scroll","background-type":"","background-media":"","overlay-type":"","overlay-color":"","overlay-opacity":"","overlay-gradient":""},"mobile":{"background-color":"","background-image":"","background-repeat":"repeat","background-position":"center center","background-size":"auto","background-attachment":"scroll","background-type":"","background-media":"","overlay-type":"","overlay-color":"","overlay-opacity":"","overlay-gradient":""}},"ast-content-background-meta":{"desktop":{"background-color":"var(--ast-global-color-4)","background-image":"","background-repeat":"repeat","background-position":"center center","background-size":"auto","background-attachment":"scroll","background-type":"","background-media":"","overlay-type":"","overlay-color":"","overlay-opacity":"","overlay-gradient":""},"tablet":{"background-color":"var(--ast-global-color-4)","background-image":"","background-repeat":"repeat","background-position":"center center","background-size":"auto","background-attachment":"scroll","background-type":"","background-media":"","overlay-type":"","overlay-color":"","overlay-opacity":"","overlay-gradient":""},"mobile":{"background-color":"var(--ast-global-color-4)","background-image":"","background-repeat":"repeat","background-position":"center center","background-size":"auto","background-attachment":"scroll","background-type":"","background-media":"","overlay-type":"","overlay-color":"","overlay-opacity":"","overlay-gradient":""}},"footnotes":""},"class_list":["post-80","page","type-page","status-publish","hentry"],"yoast_head":"<!-- This site is optimized with the Yoast SEO plugin v27.4 - https:\/\/yoast.com\/product\/yoast-seo-wordpress\/ -->\n<title>Commitments And Values - KCN Global<\/title>\n<meta name=\"robots\" content=\"index, follow, max-snippet:-1, max-image-preview:large, max-video-preview:-1\" \/>\n<link rel=\"canonical\" href=\"https:\/\/kcn-global.com\/en\/commitments-and-values\/\" \/>\n<meta property=\"og:locale\" content=\"en_GB\" \/>\n<meta property=\"og:type\" content=\"article\" \/>\n<meta property=\"og:title\" content=\"Commitments And Values - KCN Global\" \/>\n<meta property=\"og:description\" content=\"Compromiso y valores En este momento debemos manifestar que es important\u00edsimo el ser consecuentes, es decir, obrar de acuerdo con [&hellip;]\" \/>\n<meta property=\"og:url\" content=\"https:\/\/kcn-global.com\/en\/commitments-and-values\/\" \/>\n<meta property=\"og:site_name\" content=\"KCN Global\" \/>\n<meta property=\"article:modified_time\" content=\"2025-09-15T20:11:39+00:00\" \/>\n<meta property=\"og:image\" content=\"https:\/\/kcn-global.com\/wp-content\/uploads\/2025\/01\/Service-Image-1.1.jpg\" \/>\n\t<meta property=\"og:image:width\" content=\"1920\" \/>\n\t<meta property=\"og:image:height\" content=\"1440\" \/>\n\t<meta property=\"og:image:type\" content=\"image\/jpeg\" \/>\n<meta name=\"twitter:card\" content=\"summary_large_image\" \/>\n<meta name=\"twitter:label1\" content=\"Estimated reading time\" \/>\n\t<meta name=\"twitter:data1\" content=\"2 minutes\" \/>\n<script type=\"application\/ld+json\" class=\"yoast-schema-graph\">{\"@context\":\"https:\\\/\\\/schema.org\",\"@graph\":[{\"@type\":\"WebPage\",\"@id\":\"https:\\\/\\\/kcn-global.com\\\/commitments-and-values\\\/\",\"url\":\"https:\\\/\\\/kcn-global.com\\\/commitments-and-values\\\/\",\"name\":\"Commitments And Values - KCN Global\",\"isPartOf\":{\"@id\":\"https:\\\/\\\/kcn-global.com\\\/#website\"},\"primaryImageOfPage\":{\"@id\":\"https:\\\/\\\/kcn-global.com\\\/commitments-and-values\\\/#primaryimage\"},\"image\":{\"@id\":\"https:\\\/\\\/kcn-global.com\\\/commitments-and-values\\\/#primaryimage\"},\"thumbnailUrl\":\"https:\\\/\\\/kcn-global.com\\\/wp-content\\\/uploads\\\/2025\\\/01\\\/Service-Image-1.1.jpg\",\"datePublished\":\"2025-01-09T08:15:23+00:00\",\"dateModified\":\"2025-09-15T20:11:39+00:00\",\"breadcrumb\":{\"@id\":\"https:\\\/\\\/kcn-global.com\\\/commitments-and-values\\\/#breadcrumb\"},\"inLanguage\":\"en-GB\",\"potentialAction\":[{\"@type\":\"ReadAction\",\"target\":[\"https:\\\/\\\/kcn-global.com\\\/commitments-and-values\\\/\"]}]},{\"@type\":\"ImageObject\",\"inLanguage\":\"en-GB\",\"@id\":\"https:\\\/\\\/kcn-global.com\\\/commitments-and-values\\\/#primaryimage\",\"url\":\"https:\\\/\\\/kcn-global.com\\\/wp-content\\\/uploads\\\/2025\\\/01\\\/Service-Image-1.1.jpg\",\"contentUrl\":\"https:\\\/\\\/kcn-global.com\\\/wp-content\\\/uploads\\\/2025\\\/01\\\/Service-Image-1.1.jpg\"},{\"@type\":\"BreadcrumbList\",\"@id\":\"https:\\\/\\\/kcn-global.com\\\/commitments-and-values\\\/#breadcrumb\",\"itemListElement\":[{\"@type\":\"ListItem\",\"position\":1,\"name\":\"Portada\",\"item\":\"https:\\\/\\\/kcn-global.com\\\/\"},{\"@type\":\"ListItem\",\"position\":2,\"name\":\"Commitments And Values\"}]},{\"@type\":\"WebSite\",\"@id\":\"https:\\\/\\\/kcn-global.com\\\/#website\",\"url\":\"https:\\\/\\\/kcn-global.com\\\/\",\"name\":\"KCN Global\",\"description\":\"\",\"publisher\":{\"@id\":\"https:\\\/\\\/kcn-global.com\\\/#organization\"},\"potentialAction\":[{\"@type\":\"SearchAction\",\"target\":{\"@type\":\"EntryPoint\",\"urlTemplate\":\"https:\\\/\\\/kcn-global.com\\\/?s={search_term_string}\"},\"query-input\":{\"@type\":\"PropertyValueSpecification\",\"valueRequired\":true,\"valueName\":\"search_term_string\"}}],\"inLanguage\":\"en-GB\"},{\"@type\":\"Organization\",\"@id\":\"https:\\\/\\\/kcn-global.com\\\/#organization\",\"name\":\"KCN Global\",\"url\":\"https:\\\/\\\/kcn-global.com\\\/\",\"logo\":{\"@type\":\"ImageObject\",\"inLanguage\":\"en-GB\",\"@id\":\"https:\\\/\\\/kcn-global.com\\\/#\\\/schema\\\/logo\\\/image\\\/\",\"url\":\"https:\\\/\\\/kcn-global.com\\\/wp-content\\\/uploads\\\/2025\\\/01\\\/ffff.png\",\"contentUrl\":\"https:\\\/\\\/kcn-global.com\\\/wp-content\\\/uploads\\\/2025\\\/01\\\/ffff.png\",\"width\":450,\"height\":621,\"caption\":\"KCN Global\"},\"image\":{\"@id\":\"https:\\\/\\\/kcn-global.com\\\/#\\\/schema\\\/logo\\\/image\\\/\"}}]}<\/script>\n<!-- \/ Yoast SEO plugin. -->","yoast_head_json":{"title":"Commitments And Values - KCN Global","robots":{"index":"index","follow":"follow","max-snippet":"max-snippet:-1","max-image-preview":"max-image-preview:large","max-video-preview":"max-video-preview:-1"},"canonical":"https:\/\/kcn-global.com\/en\/commitments-and-values\/","og_locale":"en_GB","og_type":"article","og_title":"Commitments And Values - KCN Global","og_description":"Compromiso y valores En este momento debemos manifestar que es important\u00edsimo el ser consecuentes, es decir, obrar de acuerdo con [&hellip;]","og_url":"https:\/\/kcn-global.com\/en\/commitments-and-values\/","og_site_name":"KCN Global","article_modified_time":"2025-09-15T20:11:39+00:00","og_image":[{"width":1920,"height":1440,"url":"https:\/\/kcn-global.com\/wp-content\/uploads\/2025\/01\/Service-Image-1.1.jpg","type":"image\/jpeg"}],"twitter_card":"summary_large_image","twitter_misc":{"Estimated reading time":"2 minutes"},"schema":{"@context":"https:\/\/schema.org","@graph":[{"@type":"WebPage","@id":"https:\/\/kcn-global.com\/commitments-and-values\/","url":"https:\/\/kcn-global.com\/commitments-and-values\/","name":"Commitments And Values - KCN Global","isPartOf":{"@id":"https:\/\/kcn-global.com\/#website"},"primaryImageOfPage":{"@id":"https:\/\/kcn-global.com\/commitments-and-values\/#primaryimage"},"image":{"@id":"https:\/\/kcn-global.com\/commitments-and-values\/#primaryimage"},"thumbnailUrl":"https:\/\/kcn-global.com\/wp-content\/uploads\/2025\/01\/Service-Image-1.1.jpg","datePublished":"2025-01-09T08:15:23+00:00","dateModified":"2025-09-15T20:11:39+00:00","breadcrumb":{"@id":"https:\/\/kcn-global.com\/commitments-and-values\/#breadcrumb"},"inLanguage":"en-GB","potentialAction":[{"@type":"ReadAction","target":["https:\/\/kcn-global.com\/commitments-and-values\/"]}]},{"@type":"ImageObject","inLanguage":"en-GB","@id":"https:\/\/kcn-global.com\/commitments-and-values\/#primaryimage","url":"https:\/\/kcn-global.com\/wp-content\/uploads\/2025\/01\/Service-Image-1.1.jpg","contentUrl":"https:\/\/kcn-global.com\/wp-content\/uploads\/2025\/01\/Service-Image-1.1.jpg"},{"@type":"BreadcrumbList","@id":"https:\/\/kcn-global.com\/commitments-and-values\/#breadcrumb","itemListElement":[{"@type":"ListItem","position":1,"name":"Portada","item":"https:\/\/kcn-global.com\/"},{"@type":"ListItem","position":2,"name":"Commitments And Values"}]},{"@type":"WebSite","@id":"https:\/\/kcn-global.com\/#website","url":"https:\/\/kcn-global.com\/","name":"KCN Global","description":"","publisher":{"@id":"https:\/\/kcn-global.com\/#organization"},"potentialAction":[{"@type":"SearchAction","target":{"@type":"EntryPoint","urlTemplate":"https:\/\/kcn-global.com\/?s={search_term_string}"},"query-input":{"@type":"PropertyValueSpecification","valueRequired":true,"valueName":"search_term_string"}}],"inLanguage":"en-GB"},{"@type":"Organization","@id":"https:\/\/kcn-global.com\/#organization","name":"KCN Global","url":"https:\/\/kcn-global.com\/","logo":{"@type":"ImageObject","inLanguage":"en-GB","@id":"https:\/\/kcn-global.com\/#\/schema\/logo\/image\/","url":"https:\/\/kcn-global.com\/wp-content\/uploads\/2025\/01\/ffff.png","contentUrl":"https:\/\/kcn-global.com\/wp-content\/uploads\/2025\/01\/ffff.png","width":450,"height":621,"caption":"KCN Global"},"image":{"@id":"https:\/\/kcn-global.com\/#\/schema\/logo\/image\/"}}]}},"_hostinger_reach_plugin_has_subscription_block":false,"_hostinger_reach_plugin_is_elementor":false,"_links":{"self":[{"href":"https:\/\/kcn-global.com\/en\/wp-json\/wp\/v2\/pages\/80","targetHints":{"allow":["GET"]}}],"collection":[{"href":"https:\/\/kcn-global.com\/en\/wp-json\/wp\/v2\/pages"}],"about":[{"href":"https:\/\/kcn-global.com\/en\/wp-json\/wp\/v2\/types\/page"}],"author":[{"embeddable":true,"href":"https:\/\/kcn-global.com\/en\/wp-json\/wp\/v2\/users\/1"}],"replies":[{"embeddable":true,"href":"https:\/\/kcn-global.com\/en\/wp-json\/wp\/v2\/comments?post=80"}],"version-history":[{"count":28,"href":"https:\/\/kcn-global.com\/en\/wp-json\/wp\/v2\/pages\/80\/revisions"}],"predecessor-version":[{"id":667,"href":"https:\/\/kcn-global.com\/en\/wp-json\/wp\/v2\/pages\/80\/revisions\/667"}],"wp:attachment":[{"href":"https:\/\/kcn-global.com\/en\/wp-json\/wp\/v2\/media?parent=80"}],"curies":[{"name":"wp","href":"https:\/\/api.w.org\/{rel}","templated":true}]}}