{"id":84,"date":"2025-01-09T08:16:59","date_gmt":"2025-01-09T08:16:59","guid":{"rendered":"https:\/\/mediumblue-armadillo-404087.hostingersite.com\/?page_id=84"},"modified":"2025-09-15T20:13:34","modified_gmt":"2025-09-15T20:13:34","slug":"sports","status":"publish","type":"page","link":"https:\/\/kcn-global.com\/en\/sports\/","title":{"rendered":"Sports"},"content":{"rendered":"<div data-elementor-type=\"wp-page\" data-elementor-id=\"84\" class=\"elementor elementor-84\" data-elementor-post-type=\"page\">\n\t\t\t\t<div class=\"elementor-element elementor-element-4fec5453 e-flex e-con-boxed e-con e-parent\" data-id=\"4fec5453\" data-element_type=\"container\" data-e-type=\"container\" data-settings=\"{&quot;background_background&quot;:&quot;classic&quot;}\">\n\t\t\t\t\t<div class=\"e-con-inner\">\n\t\t\t\t<div class=\"elementor-element elementor-element-507d5eb8 elementor-widget elementor-widget-heading\" data-id=\"507d5eb8\" data-element_type=\"widget\" data-e-type=\"widget\" data-widget_type=\"heading.default\">\n\t\t\t\t<div class=\"elementor-widget-container\">\n\t\t\t\t\t<h2 class=\"elementor-heading-title elementor-size-default\">KCN Sports\n<\/h2>\t\t\t\t<\/div>\n\t\t\t\t<\/div>\n\t\t\t\t\t<\/div>\n\t\t\t\t<\/div>\n\t\t<div class=\"elementor-element elementor-element-c25b3cd e-flex e-con-boxed e-con e-parent\" data-id=\"c25b3cd\" data-element_type=\"container\" data-e-type=\"container\">\n\t\t\t\t\t<div class=\"e-con-inner\">\n\t\t<div class=\"elementor-element elementor-element-1277bdd e-con-full e-flex e-con e-child\" data-id=\"1277bdd\" data-element_type=\"container\" data-e-type=\"container\">\n\t\t\t\t<div class=\"elementor-element elementor-element-499b393 elementor-widget elementor-widget-image\" data-id=\"499b393\" data-element_type=\"widget\" data-e-type=\"widget\" data-widget_type=\"image.default\">\n\t\t\t\t<div class=\"elementor-widget-container\">\n\t\t\t\t\t\t\t\t\t\t\t\t\t\t\t<img fetchpriority=\"high\" decoding=\"async\" width=\"2560\" height=\"1707\" src=\"https:\/\/kcn-global.com\/wp-content\/uploads\/2025\/01\/legs-soccer-football-player-scaled.jpg\" class=\"attachment-full size-full wp-image-300\" alt=\"\" srcset=\"https:\/\/kcn-global.com\/wp-content\/uploads\/2025\/01\/legs-soccer-football-player-scaled.jpg 2560w, https:\/\/kcn-global.com\/wp-content\/uploads\/2025\/01\/legs-soccer-football-player-300x200.jpg 300w, https:\/\/kcn-global.com\/wp-content\/uploads\/2025\/01\/legs-soccer-football-player-1024x683.jpg 1024w, https:\/\/kcn-global.com\/wp-content\/uploads\/2025\/01\/legs-soccer-football-player-768x512.jpg 768w, https:\/\/kcn-global.com\/wp-content\/uploads\/2025\/01\/legs-soccer-football-player-1536x1024.jpg 1536w, https:\/\/kcn-global.com\/wp-content\/uploads\/2025\/01\/legs-soccer-football-player-2048x1365.jpg 2048w\" sizes=\"(max-width: 2560px) 100vw, 2560px\" \/>\t\t\t\t\t\t\t\t\t\t\t\t\t\t\t<\/div>\n\t\t\t\t<\/div>\n\t\t\t\t<\/div>\n\t\t<div class=\"elementor-element elementor-element-639ed33 e-con-full e-flex e-con e-child\" data-id=\"639ed33\" data-element_type=\"container\" data-e-type=\"container\">\n\t\t\t\t<div class=\"elementor-element elementor-element-e22eafa elementor-widget elementor-widget-heading\" data-id=\"e22eafa\" data-element_type=\"widget\" data-e-type=\"widget\" data-widget_type=\"heading.default\">\n\t\t\t\t<div class=\"elementor-widget-container\">\n\t\t\t\t\t<h3 class=\"elementor-heading-title elementor-size-default\">Asesor\u00eda Integral\n<\/h3>\t\t\t\t<\/div>\n\t\t\t\t<\/div>\n\t\t\t\t<div class=\"elementor-element elementor-element-edd380d elementor-widget elementor-widget-text-editor\" data-id=\"edd380d\" data-element_type=\"widget\" data-e-type=\"widget\" data-widget_type=\"text-editor.default\">\n\t\t\t\t<div class=\"elementor-widget-container\">\n\t\t\t\t\t\t\t\t\t<strong>KCN sports<\/strong> es una divisi\u00f3n de la empresa dedicada a la gesti\u00f3n y consultor\u00eda integral con el objetivo de prestar servicios integrales a futbolistas profesionales, clubes y j\u00f3venes talentos en formaci\u00f3n a trav\u00e9s de la dilatada experiencia de nuestros socios y colaboradores.\n\n<strong>KCN sports<\/strong> tiene contactos y socios en diferentes pa\u00edses donde el mercado del f\u00fatbol est\u00e1 activo y en crecimiento.\n\nPara <strong>KCN sports<\/strong> es muy importante el aspecto personal y humano de los futbolistas a los que asesoramos y representamos y cuyas carreras profesionales dirigimos y gestionamos. Tanto o m\u00e1s que sus cualidades deportivas.\n\nPrecisamente porque para nosotros el aspecto personal cuenta tanto o m\u00e1s que el deportivo, pedimos a los futbolistas que depositan su confianza en nosotros un comportamiento intachable.\t\t\t\t\t\t\t\t<\/div>\n\t\t\t\t<\/div>\n\t\t\t\t<\/div>\n\t\t\t\t\t<\/div>\n\t\t\t\t<\/div>\n\t\t<div class=\"elementor-element elementor-element-fe16c1e e-flex e-con-boxed e-con e-parent\" data-id=\"fe16c1e\" data-element_type=\"container\" data-e-type=\"container\" data-settings=\"{&quot;background_background&quot;:&quot;classic&quot;}\">\n\t\t\t\t\t<div class=\"e-con-inner\">\n\t\t<div class=\"elementor-element elementor-element-013ce43 e-con-full e-flex e-con e-child\" data-id=\"013ce43\" data-element_type=\"container\" data-e-type=\"container\">\n\t\t\t\t<div class=\"elementor-element elementor-element-8c6b38e elementor-widget elementor-widget-heading\" data-id=\"8c6b38e\" data-element_type=\"widget\" data-e-type=\"widget\" data-widget_type=\"heading.default\">\n\t\t\t\t<div class=\"elementor-widget-container\">\n\t\t\t\t\t<h3 class=\"elementor-heading-title elementor-size-default\">Consultor\u00eda integral<\/h3>\t\t\t\t<\/div>\n\t\t\t\t<\/div>\n\t\t\t\t<div class=\"elementor-element elementor-element-7ba0b3c elementor-widget elementor-widget-text-editor\" data-id=\"7ba0b3c\" data-element_type=\"widget\" data-e-type=\"widget\" data-widget_type=\"text-editor.default\">\n\t\t\t\t<div class=\"elementor-widget-container\">\n\t\t\t\t\t\t\t\t\t<p>Nuestro despacho est\u00e1 especializado en el asesoramiento integral a cada una de las partes que conforman el todo que es el mundo del f\u00fatbol en sus diferentes \u00e1mbitos:<\/p>\t\t\t\t\t\t\t\t<\/div>\n\t\t\t\t<\/div>\n\t\t\t\t<div class=\"elementor-element elementor-element-dc7251e elementor-icon-list--layout-traditional elementor-list-item-link-full_width elementor-widget elementor-widget-icon-list\" data-id=\"dc7251e\" data-element_type=\"widget\" data-e-type=\"widget\" data-widget_type=\"icon-list.default\">\n\t\t\t\t<div class=\"elementor-widget-container\">\n\t\t\t\t\t\t\t<ul class=\"elementor-icon-list-items\">\n\t\t\t\t\t\t\t<li class=\"elementor-icon-list-item\">\n\t\t\t\t\t\t\t\t\t\t\t<span class=\"elementor-icon-list-icon\">\n\t\t\t\t\t\t\t<svg aria-hidden=\"true\" class=\"e-font-icon-svg e-fas-check-circle\" viewbox=\"0 0 512 512\" xmlns=\"http:\/\/www.w3.org\/2000\/svg\"><path d=\"M504 256c0 136.967-111.033 248-248 248S8 392.967 8 256 119.033 8 256 8s248 111.033 248 248zM227.314 387.314l184-184c6.248-6.248 6.248-16.379 0-22.627l-22.627-22.627c-6.248-6.249-16.379-6.249-22.628 0L216 308.118l-70.059-70.059c-6.248-6.248-16.379-6.248-22.628 0l-22.627 22.627c-6.248 6.248-6.248 16.379 0 22.627l104 104c6.249 6.249 16.379 6.249 22.628.001z\"><\/path><\/svg>\t\t\t\t\t\t<\/span>\n\t\t\t\t\t\t\t\t\t\t<span class=\"elementor-icon-list-text\">Elaboraci\u00f3n de informes t\u00e9cnicos sobre futbolistas y entrenadores.<\/span>\n\t\t\t\t\t\t\t\t\t<\/li>\n\t\t\t\t\t\t\t\t<li class=\"elementor-icon-list-item\">\n\t\t\t\t\t\t\t\t\t\t\t<span class=\"elementor-icon-list-icon\">\n\t\t\t\t\t\t\t<svg aria-hidden=\"true\" class=\"e-font-icon-svg e-fas-check-circle\" viewbox=\"0 0 512 512\" xmlns=\"http:\/\/www.w3.org\/2000\/svg\"><path d=\"M504 256c0 136.967-111.033 248-248 248S8 392.967 8 256 119.033 8 256 8s248 111.033 248 248zM227.314 387.314l184-184c6.248-6.248 6.248-16.379 0-22.627l-22.627-22.627c-6.248-6.249-16.379-6.249-22.628 0L216 308.118l-70.059-70.059c-6.248-6.248-16.379-6.248-22.628 0l-22.627 22.627c-6.248 6.248-6.248 16.379 0 22.627l104 104c6.249 6.249 16.379 6.249 22.628.001z\"><\/path><\/svg>\t\t\t\t\t\t<\/span>\n\t\t\t\t\t\t\t\t\t\t<span class=\"elementor-icon-list-text\">Asesoramiento completo sobre gesti\u00f3n deportiva.<\/span>\n\t\t\t\t\t\t\t\t\t<\/li>\n\t\t\t\t\t\t\t\t<li class=\"elementor-icon-list-item\">\n\t\t\t\t\t\t\t\t\t\t\t<span class=\"elementor-icon-list-icon\">\n\t\t\t\t\t\t\t<svg aria-hidden=\"true\" class=\"e-font-icon-svg e-fas-check-circle\" viewbox=\"0 0 512 512\" xmlns=\"http:\/\/www.w3.org\/2000\/svg\"><path d=\"M504 256c0 136.967-111.033 248-248 248S8 392.967 8 256 119.033 8 256 8s248 111.033 248 248zM227.314 387.314l184-184c6.248-6.248 6.248-16.379 0-22.627l-22.627-22.627c-6.248-6.249-16.379-6.249-22.628 0L216 308.118l-70.059-70.059c-6.248-6.248-16.379-6.248-22.628 0l-22.627 22.627c-6.248 6.248-6.248 16.379 0 22.627l104 104c6.249 6.249 16.379 6.249 22.628.001z\"><\/path><\/svg>\t\t\t\t\t\t<\/span>\n\t\t\t\t\t\t\t\t\t\t<span class=\"elementor-icon-list-text\">Asesoramiento sobre todos y cada uno de los aspectos relacionados con el f\u00fatbol juvenil y de base.<\/span>\n\t\t\t\t\t\t\t\t\t<\/li>\n\t\t\t\t\t\t\t\t<li class=\"elementor-icon-list-item\">\n\t\t\t\t\t\t\t\t\t\t\t<span class=\"elementor-icon-list-icon\">\n\t\t\t\t\t\t\t<svg aria-hidden=\"true\" class=\"e-font-icon-svg e-fas-check-circle\" viewbox=\"0 0 512 512\" xmlns=\"http:\/\/www.w3.org\/2000\/svg\"><path d=\"M504 256c0 136.967-111.033 248-248 248S8 392.967 8 256 119.033 8 256 8s248 111.033 248 248zM227.314 387.314l184-184c6.248-6.248 6.248-16.379 0-22.627l-22.627-22.627c-6.248-6.249-16.379-6.249-22.628 0L216 308.118l-70.059-70.059c-6.248-6.248-16.379-6.248-22.628 0l-22.627 22.627c-6.248 6.248-6.248 16.379 0 22.627l104 104c6.249 6.249 16.379 6.249 22.628.001z\"><\/path><\/svg>\t\t\t\t\t\t<\/span>\n\t\t\t\t\t\t\t\t\t\t<span class=\"elementor-icon-list-text\">Asesoramiento sobre fichajes en categor\u00edas inferiores y b\u00fasqueda de j\u00f3venes talentos.<\/span>\n\t\t\t\t\t\t\t\t\t<\/li>\n\t\t\t\t\t\t\t\t<li class=\"elementor-icon-list-item\">\n\t\t\t\t\t\t\t\t\t\t\t<span class=\"elementor-icon-list-icon\">\n\t\t\t\t\t\t\t<svg aria-hidden=\"true\" class=\"e-font-icon-svg e-fas-check-circle\" viewbox=\"0 0 512 512\" xmlns=\"http:\/\/www.w3.org\/2000\/svg\"><path d=\"M504 256c0 136.967-111.033 248-248 248S8 392.967 8 256 119.033 8 256 8s248 111.033 248 248zM227.314 387.314l184-184c6.248-6.248 6.248-16.379 0-22.627l-22.627-22.627c-6.248-6.249-16.379-6.249-22.628 0L216 308.118l-70.059-70.059c-6.248-6.248-16.379-6.248-22.628 0l-22.627 22.627c-6.248 6.248-6.248 16.379 0 22.627l104 104c6.249 6.249 16.379 6.249 22.628.001z\"><\/path><\/svg>\t\t\t\t\t\t<\/span>\n\t\t\t\t\t\t\t\t\t\t<span class=\"elementor-icon-list-text\">Negociaci\u00f3n e intermediaci\u00f3n con otros equipos para la compra, venta o traspaso de jugadores.<\/span>\n\t\t\t\t\t\t\t\t\t<\/li>\n\t\t\t\t\t\t\t\t<li class=\"elementor-icon-list-item\">\n\t\t\t\t\t\t\t\t\t\t\t<span class=\"elementor-icon-list-icon\">\n\t\t\t\t\t\t\t<svg aria-hidden=\"true\" class=\"e-font-icon-svg e-fas-check-circle\" viewbox=\"0 0 512 512\" xmlns=\"http:\/\/www.w3.org\/2000\/svg\"><path d=\"M504 256c0 136.967-111.033 248-248 248S8 392.967 8 256 119.033 8 256 8s248 111.033 248 248zM227.314 387.314l184-184c6.248-6.248 6.248-16.379 0-22.627l-22.627-22.627c-6.248-6.249-16.379-6.249-22.628 0L216 308.118l-70.059-70.059c-6.248-6.248-16.379-6.248-22.628 0l-22.627 22.627c-6.248 6.248-6.248 16.379 0 22.627l104 104c6.249 6.249 16.379 6.249 22.628.001z\"><\/path><\/svg>\t\t\t\t\t\t<\/span>\n\t\t\t\t\t\t\t\t\t\t<span class=\"elementor-icon-list-text\">B\u00fasqueda y recomendaci\u00f3n de jugadores, creaci\u00f3n de plantillas y colaboraci\u00f3n integral en la creaci\u00f3n de proyectos deportivos.<\/span>\n\t\t\t\t\t\t\t\t\t<\/li>\n\t\t\t\t\t\t<\/ul>\n\t\t\t\t\t\t<\/div>\n\t\t\t\t<\/div>\n\t\t\t\t<\/div>\n\t\t<div class=\"elementor-element elementor-element-3e03eaa e-con-full e-flex e-con e-child\" data-id=\"3e03eaa\" data-element_type=\"container\" data-e-type=\"container\">\n\t\t\t\t<div class=\"elementor-element elementor-element-1a2d9f8 elementor-widget elementor-widget-image\" data-id=\"1a2d9f8\" data-element_type=\"widget\" data-e-type=\"widget\" data-widget_type=\"image.default\">\n\t\t\t\t<div class=\"elementor-widget-container\">\n\t\t\t\t\t\t\t\t\t\t\t\t\t\t\t<img decoding=\"async\" width=\"2560\" height=\"1709\" src=\"https:\/\/kcn-global.com\/wp-content\/uploads\/2025\/01\/soccer-into-goal-success-concept-scaled.jpg\" class=\"attachment-full size-full wp-image-301\" alt=\"\" srcset=\"https:\/\/kcn-global.com\/wp-content\/uploads\/2025\/01\/soccer-into-goal-success-concept-scaled.jpg 2560w, https:\/\/kcn-global.com\/wp-content\/uploads\/2025\/01\/soccer-into-goal-success-concept-300x200.jpg 300w, https:\/\/kcn-global.com\/wp-content\/uploads\/2025\/01\/soccer-into-goal-success-concept-1024x683.jpg 1024w, https:\/\/kcn-global.com\/wp-content\/uploads\/2025\/01\/soccer-into-goal-success-concept-768x513.jpg 768w, https:\/\/kcn-global.com\/wp-content\/uploads\/2025\/01\/soccer-into-goal-success-concept-1536x1025.jpg 1536w, https:\/\/kcn-global.com\/wp-content\/uploads\/2025\/01\/soccer-into-goal-success-concept-2048x1367.jpg 2048w\" sizes=\"(max-width: 2560px) 100vw, 2560px\" \/>\t\t\t\t\t\t\t\t\t\t\t\t\t\t\t<\/div>\n\t\t\t\t<\/div>\n\t\t\t\t<\/div>\n\t\t\t\t\t<\/div>\n\t\t\t\t<\/div>\n\t\t\t\t<\/div>","protected":false},"excerpt":{"rendered":"<p>KCN Sports Asesor\u00eda Integral KCN sports es una divisi\u00f3n de la empresa dedicada a la gesti\u00f3n y consultor\u00eda integral con [&hellip;]<\/p>","protected":false},"author":1,"featured_media":0,"parent":0,"menu_order":0,"comment_status":"closed","ping_status":"closed","template":"elementor_header_footer","meta":{"site-sidebar-layout":"no-sidebar","site-content-layout":"","ast-site-content-layout":"full-width-container","site-content-style":"default","site-sidebar-style":"default","ast-global-header-display":"","ast-banner-title-visibility":"","ast-main-header-display":"","ast-hfb-above-header-display":"","ast-hfb-below-header-display":"","ast-hfb-mobile-header-display":"","site-post-title":"disabled","ast-breadcrumbs-content":"","ast-featured-img":"disabled","footer-sml-layout":"","ast-disable-related-posts":"","theme-transparent-header-meta":"","adv-header-id-meta":"","stick-header-meta":"","header-above-stick-meta":"","header-main-stick-meta":"","header-below-stick-meta":"","astra-migrate-meta-layouts":"default","ast-page-background-enabled":"default","ast-page-background-meta":{"desktop":{"background-color":"var(--ast-global-color-5)","background-image":"","background-repeat":"repeat","background-position":"center center","background-size":"auto","background-attachment":"scroll","background-type":"","background-media":"","overlay-type":"","overlay-color":"","overlay-opacity":"","overlay-gradient":""},"tablet":{"background-color":"","background-image":"","background-repeat":"repeat","background-position":"center center","background-size":"auto","background-attachment":"scroll","background-type":"","background-media":"","overlay-type":"","overlay-color":"","overlay-opacity":"","overlay-gradient":""},"mobile":{"background-color":"","background-image":"","background-repeat":"repeat","background-position":"center center","background-size":"auto","background-attachment":"scroll","background-type":"","background-media":"","overlay-type":"","overlay-color":"","overlay-opacity":"","overlay-gradient":""}},"ast-content-background-meta":{"desktop":{"background-color":"var(--ast-global-color-4)","background-image":"","background-repeat":"repeat","background-position":"center center","background-size":"auto","background-attachment":"scroll","background-type":"","background-media":"","overlay-type":"","overlay-color":"","overlay-opacity":"","overlay-gradient":""},"tablet":{"background-color":"var(--ast-global-color-4)","background-image":"","background-repeat":"repeat","background-position":"center center","background-size":"auto","background-attachment":"scroll","background-type":"","background-media":"","overlay-type":"","overlay-color":"","overlay-opacity":"","overlay-gradient":""},"mobile":{"background-color":"var(--ast-global-color-4)","background-image":"","background-repeat":"repeat","background-position":"center center","background-size":"auto","background-attachment":"scroll","background-type":"","background-media":"","overlay-type":"","overlay-color":"","overlay-opacity":"","overlay-gradient":""}},"footnotes":""},"class_list":["post-84","page","type-page","status-publish","hentry"],"yoast_head":"<!-- This site is optimized with the Yoast SEO plugin v27.4 - https:\/\/yoast.com\/product\/yoast-seo-wordpress\/ -->\n<title>Sports - KCN Global<\/title>\n<meta name=\"robots\" content=\"index, follow, max-snippet:-1, max-image-preview:large, max-video-preview:-1\" \/>\n<link rel=\"canonical\" href=\"https:\/\/kcn-global.com\/en\/sports\/\" \/>\n<meta property=\"og:locale\" content=\"en_GB\" \/>\n<meta property=\"og:type\" content=\"article\" \/>\n<meta property=\"og:title\" content=\"Sports - KCN Global\" \/>\n<meta property=\"og:description\" content=\"KCN Sports Asesor\u00eda Integral KCN sports es una divisi\u00f3n de la empresa dedicada a la gesti\u00f3n y consultor\u00eda integral con [&hellip;]\" \/>\n<meta property=\"og:url\" content=\"https:\/\/kcn-global.com\/en\/sports\/\" \/>\n<meta property=\"og:site_name\" content=\"KCN Global\" \/>\n<meta property=\"article:modified_time\" content=\"2025-09-15T20:13:34+00:00\" \/>\n<meta property=\"og:image\" content=\"https:\/\/kcn-global.com\/wp-content\/uploads\/2025\/01\/legs-soccer-football-player-scaled.jpg\" \/>\n\t<meta property=\"og:image:width\" content=\"2560\" \/>\n\t<meta property=\"og:image:height\" content=\"1707\" \/>\n\t<meta property=\"og:image:type\" content=\"image\/jpeg\" \/>\n<meta name=\"twitter:card\" content=\"summary_large_image\" \/>\n<meta name=\"twitter:label1\" content=\"Estimated reading time\" \/>\n\t<meta name=\"twitter:data1\" content=\"1 minute\" \/>\n<script type=\"application\/ld+json\" class=\"yoast-schema-graph\">{\"@context\":\"https:\\\/\\\/schema.org\",\"@graph\":[{\"@type\":\"WebPage\",\"@id\":\"https:\\\/\\\/kcn-global.com\\\/sports\\\/\",\"url\":\"https:\\\/\\\/kcn-global.com\\\/sports\\\/\",\"name\":\"Sports - KCN Global\",\"isPartOf\":{\"@id\":\"https:\\\/\\\/kcn-global.com\\\/#website\"},\"primaryImageOfPage\":{\"@id\":\"https:\\\/\\\/kcn-global.com\\\/sports\\\/#primaryimage\"},\"image\":{\"@id\":\"https:\\\/\\\/kcn-global.com\\\/sports\\\/#primaryimage\"},\"thumbnailUrl\":\"https:\\\/\\\/kcn-global.com\\\/wp-content\\\/uploads\\\/2025\\\/01\\\/legs-soccer-football-player-scaled.jpg\",\"datePublished\":\"2025-01-09T08:16:59+00:00\",\"dateModified\":\"2025-09-15T20:13:34+00:00\",\"breadcrumb\":{\"@id\":\"https:\\\/\\\/kcn-global.com\\\/sports\\\/#breadcrumb\"},\"inLanguage\":\"en-GB\",\"potentialAction\":[{\"@type\":\"ReadAction\",\"target\":[\"https:\\\/\\\/kcn-global.com\\\/sports\\\/\"]}]},{\"@type\":\"ImageObject\",\"inLanguage\":\"en-GB\",\"@id\":\"https:\\\/\\\/kcn-global.com\\\/sports\\\/#primaryimage\",\"url\":\"https:\\\/\\\/kcn-global.com\\\/wp-content\\\/uploads\\\/2025\\\/01\\\/legs-soccer-football-player-scaled.jpg\",\"contentUrl\":\"https:\\\/\\\/kcn-global.com\\\/wp-content\\\/uploads\\\/2025\\\/01\\\/legs-soccer-football-player-scaled.jpg\"},{\"@type\":\"BreadcrumbList\",\"@id\":\"https:\\\/\\\/kcn-global.com\\\/sports\\\/#breadcrumb\",\"itemListElement\":[{\"@type\":\"ListItem\",\"position\":1,\"name\":\"Portada\",\"item\":\"https:\\\/\\\/kcn-global.com\\\/\"},{\"@type\":\"ListItem\",\"position\":2,\"name\":\"Sports\"}]},{\"@type\":\"WebSite\",\"@id\":\"https:\\\/\\\/kcn-global.com\\\/#website\",\"url\":\"https:\\\/\\\/kcn-global.com\\\/\",\"name\":\"KCN Global\",\"description\":\"\",\"publisher\":{\"@id\":\"https:\\\/\\\/kcn-global.com\\\/#organization\"},\"potentialAction\":[{\"@type\":\"SearchAction\",\"target\":{\"@type\":\"EntryPoint\",\"urlTemplate\":\"https:\\\/\\\/kcn-global.com\\\/?s={search_term_string}\"},\"query-input\":{\"@type\":\"PropertyValueSpecification\",\"valueRequired\":true,\"valueName\":\"search_term_string\"}}],\"inLanguage\":\"en-GB\"},{\"@type\":\"Organization\",\"@id\":\"https:\\\/\\\/kcn-global.com\\\/#organization\",\"name\":\"KCN Global\",\"url\":\"https:\\\/\\\/kcn-global.com\\\/\",\"logo\":{\"@type\":\"ImageObject\",\"inLanguage\":\"en-GB\",\"@id\":\"https:\\\/\\\/kcn-global.com\\\/#\\\/schema\\\/logo\\\/image\\\/\",\"url\":\"https:\\\/\\\/kcn-global.com\\\/wp-content\\\/uploads\\\/2025\\\/01\\\/ffff.png\",\"contentUrl\":\"https:\\\/\\\/kcn-global.com\\\/wp-content\\\/uploads\\\/2025\\\/01\\\/ffff.png\",\"width\":450,\"height\":621,\"caption\":\"KCN Global\"},\"image\":{\"@id\":\"https:\\\/\\\/kcn-global.com\\\/#\\\/schema\\\/logo\\\/image\\\/\"}}]}<\/script>\n<!-- \/ Yoast SEO plugin. -->","yoast_head_json":{"title":"Sports - KCN Global","robots":{"index":"index","follow":"follow","max-snippet":"max-snippet:-1","max-image-preview":"max-image-preview:large","max-video-preview":"max-video-preview:-1"},"canonical":"https:\/\/kcn-global.com\/en\/sports\/","og_locale":"en_GB","og_type":"article","og_title":"Sports - KCN Global","og_description":"KCN Sports Asesor\u00eda Integral KCN sports es una divisi\u00f3n de la empresa dedicada a la gesti\u00f3n y consultor\u00eda integral con [&hellip;]","og_url":"https:\/\/kcn-global.com\/en\/sports\/","og_site_name":"KCN Global","article_modified_time":"2025-09-15T20:13:34+00:00","og_image":[{"width":2560,"height":1707,"url":"https:\/\/kcn-global.com\/wp-content\/uploads\/2025\/01\/legs-soccer-football-player-scaled.jpg","type":"image\/jpeg"}],"twitter_card":"summary_large_image","twitter_misc":{"Estimated reading time":"1 minute"},"schema":{"@context":"https:\/\/schema.org","@graph":[{"@type":"WebPage","@id":"https:\/\/kcn-global.com\/sports\/","url":"https:\/\/kcn-global.com\/sports\/","name":"Sports - KCN Global","isPartOf":{"@id":"https:\/\/kcn-global.com\/#website"},"primaryImageOfPage":{"@id":"https:\/\/kcn-global.com\/sports\/#primaryimage"},"image":{"@id":"https:\/\/kcn-global.com\/sports\/#primaryimage"},"thumbnailUrl":"https:\/\/kcn-global.com\/wp-content\/uploads\/2025\/01\/legs-soccer-football-player-scaled.jpg","datePublished":"2025-01-09T08:16:59+00:00","dateModified":"2025-09-15T20:13:34+00:00","breadcrumb":{"@id":"https:\/\/kcn-global.com\/sports\/#breadcrumb"},"inLanguage":"en-GB","potentialAction":[{"@type":"ReadAction","target":["https:\/\/kcn-global.com\/sports\/"]}]},{"@type":"ImageObject","inLanguage":"en-GB","@id":"https:\/\/kcn-global.com\/sports\/#primaryimage","url":"https:\/\/kcn-global.com\/wp-content\/uploads\/2025\/01\/legs-soccer-football-player-scaled.jpg","contentUrl":"https:\/\/kcn-global.com\/wp-content\/uploads\/2025\/01\/legs-soccer-football-player-scaled.jpg"},{"@type":"BreadcrumbList","@id":"https:\/\/kcn-global.com\/sports\/#breadcrumb","itemListElement":[{"@type":"ListItem","position":1,"name":"Portada","item":"https:\/\/kcn-global.com\/"},{"@type":"ListItem","position":2,"name":"Sports"}]},{"@type":"WebSite","@id":"https:\/\/kcn-global.com\/#website","url":"https:\/\/kcn-global.com\/","name":"KCN Global","description":"","publisher":{"@id":"https:\/\/kcn-global.com\/#organization"},"potentialAction":[{"@type":"SearchAction","target":{"@type":"EntryPoint","urlTemplate":"https:\/\/kcn-global.com\/?s={search_term_string}"},"query-input":{"@type":"PropertyValueSpecification","valueRequired":true,"valueName":"search_term_string"}}],"inLanguage":"en-GB"},{"@type":"Organization","@id":"https:\/\/kcn-global.com\/#organization","name":"KCN Global","url":"https:\/\/kcn-global.com\/","logo":{"@type":"ImageObject","inLanguage":"en-GB","@id":"https:\/\/kcn-global.com\/#\/schema\/logo\/image\/","url":"https:\/\/kcn-global.com\/wp-content\/uploads\/2025\/01\/ffff.png","contentUrl":"https:\/\/kcn-global.com\/wp-content\/uploads\/2025\/01\/ffff.png","width":450,"height":621,"caption":"KCN Global"},"image":{"@id":"https:\/\/kcn-global.com\/#\/schema\/logo\/image\/"}}]}},"_hostinger_reach_plugin_has_subscription_block":false,"_hostinger_reach_plugin_is_elementor":false,"_links":{"self":[{"href":"https:\/\/kcn-global.com\/en\/wp-json\/wp\/v2\/pages\/84","targetHints":{"allow":["GET"]}}],"collection":[{"href":"https:\/\/kcn-global.com\/en\/wp-json\/wp\/v2\/pages"}],"about":[{"href":"https:\/\/kcn-global.com\/en\/wp-json\/wp\/v2\/types\/page"}],"author":[{"embeddable":true,"href":"https:\/\/kcn-global.com\/en\/wp-json\/wp\/v2\/users\/1"}],"replies":[{"embeddable":true,"href":"https:\/\/kcn-global.com\/en\/wp-json\/wp\/v2\/comments?post=84"}],"version-history":[{"count":46,"href":"https:\/\/kcn-global.com\/en\/wp-json\/wp\/v2\/pages\/84\/revisions"}],"predecessor-version":[{"id":673,"href":"https:\/\/kcn-global.com\/en\/wp-json\/wp\/v2\/pages\/84\/revisions\/673"}],"wp:attachment":[{"href":"https:\/\/kcn-global.com\/en\/wp-json\/wp\/v2\/media?parent=84"}],"curies":[{"name":"wp","href":"https:\/\/api.w.org\/{rel}","templated":true}]}}