{"id":88,"date":"2025-01-09T08:17:54","date_gmt":"2025-01-09T08:17:54","guid":{"rendered":"https:\/\/mediumblue-armadillo-404087.hostingersite.com\/?page_id=88"},"modified":"2025-09-15T20:07:55","modified_gmt":"2025-09-15T20:07:55","slug":"events","status":"publish","type":"page","link":"https:\/\/kcn-global.com\/en\/events\/","title":{"rendered":"Events"},"content":{"rendered":"<div data-elementor-type=\"wp-page\" data-elementor-id=\"88\" class=\"elementor elementor-88\" data-elementor-post-type=\"page\">\n\t\t\t\t<div class=\"elementor-element elementor-element-d8669ae e-flex e-con-boxed e-con e-parent\" data-id=\"d8669ae\" data-element_type=\"container\" data-e-type=\"container\" data-settings=\"{&quot;background_background&quot;:&quot;classic&quot;}\">\n\t\t\t\t\t<div class=\"e-con-inner\">\n\t\t\t\t<div class=\"elementor-element elementor-element-49856b7 elementor-widget elementor-widget-heading\" data-id=\"49856b7\" data-element_type=\"widget\" data-e-type=\"widget\" data-widget_type=\"heading.default\">\n\t\t\t\t<div class=\"elementor-widget-container\">\n\t\t\t\t\t<h2 class=\"elementor-heading-title elementor-size-default\">KCN Eventos\u200b<\/h2>\t\t\t\t<\/div>\n\t\t\t\t<\/div>\n\t\t\t\t\t<\/div>\n\t\t\t\t<\/div>\n\t\t<div class=\"elementor-element elementor-element-190e041 e-flex e-con-boxed e-con e-parent\" data-id=\"190e041\" data-element_type=\"container\" data-e-type=\"container\">\n\t\t\t\t\t<div class=\"e-con-inner\">\n\t\t<div class=\"elementor-element elementor-element-10d083f e-con-full e-flex e-con e-child\" data-id=\"10d083f\" data-element_type=\"container\" data-e-type=\"container\">\n\t\t\t\t<div class=\"elementor-element elementor-element-bd56d42 elementor-widget elementor-widget-text-editor\" data-id=\"bd56d42\" data-element_type=\"widget\" data-e-type=\"widget\" data-widget_type=\"text-editor.default\">\n\t\t\t\t<div class=\"elementor-widget-container\">\n\t\t\t\t\t\t\t\t\t<p>Tras el periodo que hemos vivido es incuestionable que existe un fen\u00f3meno a valorar. Estamos ante una oleada de eventos musicales que han vuelto para quedarse en nuestras vidas. Los festivales de m\u00fasica y los conciertos han sido y ser\u00e1n el lugar donde se generan grandes experiencias y buenos negocios. Eso supone una gran oportunidad de negocio.<br \/>Si lo que buscas es dedicarte a la gesti\u00f3n de eventos musicales, \u00a1sigue leyendo!, te contamos 6 razones por las que deber\u00eda especializarte en este sector:<\/p><p><strong>Sector en alza<\/strong><br \/>La organizaci\u00f3n de grandes eventos musicales, es uno de los sectores del ocio que m\u00e1s han crecido en los \u00faltimos a\u00f1os. Adem\u00e1s, en los nuevos tiempos, el sector ha demostrado a la perfecci\u00f3n su capacidad de reinvenci\u00f3n, apostando por\u00a0<strong>la innovaci\u00f3n tecnol\u00f3gica, la seguridad y la interacci\u00f3n con el p\u00fablico.<\/strong>\u00a0Se crean experiencias.<\/p>\t\t\t\t\t\t\t\t<\/div>\n\t\t\t\t<\/div>\n\t\t\t\t<\/div>\n\t\t\t\t\t<\/div>\n\t\t\t\t<\/div>\n\t\t<div class=\"elementor-element elementor-element-d040524 e-flex e-con-boxed e-con e-parent\" data-id=\"d040524\" data-element_type=\"container\" data-e-type=\"container\" data-settings=\"{&quot;background_background&quot;:&quot;classic&quot;}\">\n\t\t\t\t\t<div class=\"e-con-inner\">\n\t\t<div class=\"elementor-element elementor-element-6422f3f e-con-full e-flex e-con e-child\" data-id=\"6422f3f\" data-element_type=\"container\" data-e-type=\"container\">\n\t\t\t\t<div class=\"elementor-element elementor-element-abcc523 elementor-widget elementor-widget-heading\" data-id=\"abcc523\" data-element_type=\"widget\" data-e-type=\"widget\" data-widget_type=\"heading.default\">\n\t\t\t\t<div class=\"elementor-widget-container\">\n\t\t\t\t\t<h3 class=\"elementor-heading-title elementor-size-default\">Nuestra experiencia<\/h3>\t\t\t\t<\/div>\n\t\t\t\t<\/div>\n\t\t\t\t<div class=\"elementor-element elementor-element-e8f6a24 elementor-widget elementor-widget-text-editor\" data-id=\"e8f6a24\" data-element_type=\"widget\" data-e-type=\"widget\" data-widget_type=\"text-editor.default\">\n\t\t\t\t<div class=\"elementor-widget-container\">\n\t\t\t\t\t\t\t\t\t<p><span data-mce-type=\"bookmark\" style=\"display: inline-block; width: 0px; overflow: hidden; line-height: 0;\" class=\"mce_SELRES_start\"><\/span>En KCN Events, somos m\u00e1s que simples gestores de eventos, somos socios en la creaci\u00f3n de experiencias significativas que celebran el esp\u00edritu del deporte e impulsan el progreso. Perm\u00edtanos ayudarle a dar vida a su visi\u00f3n con una experiencia y profesionalidad inigualables.<\/p>\t\t\t\t\t\t\t\t<\/div>\n\t\t\t\t<\/div>\n\t\t\t\t<div class=\"elementor-element elementor-element-b6927de elementor-icon-list--layout-traditional elementor-list-item-link-full_width elementor-widget elementor-widget-icon-list\" data-id=\"b6927de\" data-element_type=\"widget\" data-e-type=\"widget\" data-widget_type=\"icon-list.default\">\n\t\t\t\t<div class=\"elementor-widget-container\">\n\t\t\t\t\t\t\t<ul class=\"elementor-icon-list-items\">\n\t\t\t\t\t\t\t<li class=\"elementor-icon-list-item\">\n\t\t\t\t\t\t\t\t\t\t\t<span class=\"elementor-icon-list-icon\">\n\t\t\t\t\t\t\t<svg aria-hidden=\"true\" class=\"e-font-icon-svg e-fas-check-circle\" viewbox=\"0 0 512 512\" xmlns=\"http:\/\/www.w3.org\/2000\/svg\"><path d=\"M504 256c0 136.967-111.033 248-248 248S8 392.967 8 256 119.033 8 256 8s248 111.033 248 248zM227.314 387.314l184-184c6.248-6.248 6.248-16.379 0-22.627l-22.627-22.627c-6.248-6.249-16.379-6.249-22.628 0L216 308.118l-70.059-70.059c-6.248-6.248-16.379-6.248-22.628 0l-22.627 22.627c-6.248 6.248-6.248 16.379 0 22.627l104 104c6.249 6.249 16.379 6.249 22.628.001z\"><\/path><\/svg>\t\t\t\t\t\t<\/span>\n\t\t\t\t\t\t\t\t\t\t<span class=\"elementor-icon-list-text\">Proporcionar plataformas para que los deportistas muestren su talento y alcancen la excelencia.<\/span>\n\t\t\t\t\t\t\t\t\t<\/li>\n\t\t\t\t\t\t\t\t<li class=\"elementor-icon-list-item\">\n\t\t\t\t\t\t\t\t\t\t\t<span class=\"elementor-icon-list-icon\">\n\t\t\t\t\t\t\t<svg aria-hidden=\"true\" class=\"e-font-icon-svg e-fas-check-circle\" viewbox=\"0 0 512 512\" xmlns=\"http:\/\/www.w3.org\/2000\/svg\"><path d=\"M504 256c0 136.967-111.033 248-248 248S8 392.967 8 256 119.033 8 256 8s248 111.033 248 248zM227.314 387.314l184-184c6.248-6.248 6.248-16.379 0-22.627l-22.627-22.627c-6.248-6.249-16.379-6.249-22.628 0L216 308.118l-70.059-70.059c-6.248-6.248-16.379-6.248-22.628 0l-22.627 22.627c-6.248 6.248-6.248 16.379 0 22.627l104 104c6.249 6.249 16.379 6.249 22.628.001z\"><\/path><\/svg>\t\t\t\t\t\t<\/span>\n\t\t\t\t\t\t\t\t\t\t<span class=\"elementor-icon-list-text\">Ayudar a personas y equipos a mejorar sus capacidades y rendimiento mediante programas dirigidos por expertos.<\/span>\n\t\t\t\t\t\t\t\t\t<\/li>\n\t\t\t\t\t\t\t\t<li class=\"elementor-icon-list-item\">\n\t\t\t\t\t\t\t\t\t\t\t<span class=\"elementor-icon-list-icon\">\n\t\t\t\t\t\t\t<svg aria-hidden=\"true\" class=\"e-font-icon-svg e-fas-check-circle\" viewbox=\"0 0 512 512\" xmlns=\"http:\/\/www.w3.org\/2000\/svg\"><path d=\"M504 256c0 136.967-111.033 248-248 248S8 392.967 8 256 119.033 8 256 8s248 111.033 248 248zM227.314 387.314l184-184c6.248-6.248 6.248-16.379 0-22.627l-22.627-22.627c-6.248-6.249-16.379-6.249-22.628 0L216 308.118l-70.059-70.059c-6.248-6.248-16.379-6.248-22.628 0l-22.627 22.627c-6.248 6.248-6.248 16.379 0 22.627l104 104c6.249 6.249 16.379 6.249 22.628.001z\"><\/path><\/svg>\t\t\t\t\t\t<\/span>\n\t\t\t\t\t\t\t\t\t\t<span class=\"elementor-icon-list-text\"> Promover el bienestar, el trabajo en equipo y el compromiso con la comunidad mediante actividades personalizadas.<\/span>\n\t\t\t\t\t\t\t\t\t<\/li>\n\t\t\t\t\t\t\t\t<li class=\"elementor-icon-list-item\">\n\t\t\t\t\t\t\t\t\t\t\t<span class=\"elementor-icon-list-icon\">\n\t\t\t\t\t\t\t<svg aria-hidden=\"true\" class=\"e-font-icon-svg e-fas-check-circle\" viewbox=\"0 0 512 512\" xmlns=\"http:\/\/www.w3.org\/2000\/svg\"><path d=\"M504 256c0 136.967-111.033 248-248 248S8 392.967 8 256 119.033 8 256 8s248 111.033 248 248zM227.314 387.314l184-184c6.248-6.248 6.248-16.379 0-22.627l-22.627-22.627c-6.248-6.249-16.379-6.249-22.628 0L216 308.118l-70.059-70.059c-6.248-6.248-16.379-6.248-22.628 0l-22.627 22.627c-6.248 6.248-6.248 16.379 0 22.627l104 104c6.249 6.249 16.379 6.249 22.628.001z\"><\/path><\/svg>\t\t\t\t\t\t<\/span>\n\t\t\t\t\t\t\t\t\t\t<span class=\"elementor-icon-list-text\">Reunir a profesionales del sector para intercambiar ideas, crear asociaciones e impulsar la innovaci\u00f3n.<\/span>\n\t\t\t\t\t\t\t\t\t<\/li>\n\t\t\t\t\t\t<\/ul>\n\t\t\t\t\t\t<\/div>\n\t\t\t\t<\/div>\n\t\t\t\t<\/div>\n\t\t<div class=\"elementor-element elementor-element-bb3d19c e-con-full e-flex e-con e-child\" data-id=\"bb3d19c\" data-element_type=\"container\" data-e-type=\"container\">\n\t\t\t\t<div class=\"elementor-element elementor-element-486db28 elementor-widget elementor-widget-image\" data-id=\"486db28\" data-element_type=\"widget\" data-e-type=\"widget\" data-widget_type=\"image.default\">\n\t\t\t\t<div class=\"elementor-widget-container\">\n\t\t\t\t\t\t\t\t\t\t\t\t\t\t\t<img fetchpriority=\"high\" decoding=\"async\" width=\"960\" height=\"1280\" src=\"https:\/\/kcn-global.com\/wp-content\/uploads\/2025\/01\/Thailandia-2.jpg\" class=\"attachment-full size-full wp-image-565\" alt=\"\" srcset=\"https:\/\/kcn-global.com\/wp-content\/uploads\/2025\/01\/Thailandia-2.jpg 960w, https:\/\/kcn-global.com\/wp-content\/uploads\/2025\/01\/Thailandia-2-225x300.jpg 225w, https:\/\/kcn-global.com\/wp-content\/uploads\/2025\/01\/Thailandia-2-768x1024.jpg 768w, https:\/\/kcn-global.com\/wp-content\/uploads\/2025\/01\/Thailandia-2-9x12.jpg 9w\" sizes=\"(max-width: 960px) 100vw, 960px\" \/>\t\t\t\t\t\t\t\t\t\t\t\t\t\t\t<\/div>\n\t\t\t\t<\/div>\n\t\t\t\t<\/div>\n\t\t\t\t\t<\/div>\n\t\t\t\t<\/div>\n\t\t\t\t<\/div>","protected":false},"excerpt":{"rendered":"<p>KCN Eventos\u200b Tras el periodo que hemos vivido es incuestionable que existe un fen\u00f3meno a valorar. Estamos ante una oleada [&hellip;]<\/p>","protected":false},"author":1,"featured_media":0,"parent":0,"menu_order":0,"comment_status":"closed","ping_status":"closed","template":"elementor_header_footer","meta":{"site-sidebar-layout":"no-sidebar","site-content-layout":"","ast-site-content-layout":"full-width-container","site-content-style":"default","site-sidebar-style":"default","ast-global-header-display":"","ast-banner-title-visibility":"","ast-main-header-display":"","ast-hfb-above-header-display":"","ast-hfb-below-header-display":"","ast-hfb-mobile-header-display":"","site-post-title":"disabled","ast-breadcrumbs-content":"","ast-featured-img":"disabled","footer-sml-layout":"","ast-disable-related-posts":"","theme-transparent-header-meta":"","adv-header-id-meta":"","stick-header-meta":"","header-above-stick-meta":"","header-main-stick-meta":"","header-below-stick-meta":"","astra-migrate-meta-layouts":"default","ast-page-background-enabled":"default","ast-page-background-meta":{"desktop":{"background-color":"var(--ast-global-color-5)","background-image":"","background-repeat":"repeat","background-position":"center center","background-size":"auto","background-attachment":"scroll","background-type":"","background-media":"","overlay-type":"","overlay-color":"","overlay-opacity":"","overlay-gradient":""},"tablet":{"background-color":"","background-image":"","background-repeat":"repeat","background-position":"center center","background-size":"auto","background-attachment":"scroll","background-type":"","background-media":"","overlay-type":"","overlay-color":"","overlay-opacity":"","overlay-gradient":""},"mobile":{"background-color":"","background-image":"","background-repeat":"repeat","background-position":"center center","background-size":"auto","background-attachment":"scroll","background-type":"","background-media":"","overlay-type":"","overlay-color":"","overlay-opacity":"","overlay-gradient":""}},"ast-content-background-meta":{"desktop":{"background-color":"var(--ast-global-color-4)","background-image":"","background-repeat":"repeat","background-position":"center center","background-size":"auto","background-attachment":"scroll","background-type":"","background-media":"","overlay-type":"","overlay-color":"","overlay-opacity":"","overlay-gradient":""},"tablet":{"background-color":"var(--ast-global-color-4)","background-image":"","background-repeat":"repeat","background-position":"center center","background-size":"auto","background-attachment":"scroll","background-type":"","background-media":"","overlay-type":"","overlay-color":"","overlay-opacity":"","overlay-gradient":""},"mobile":{"background-color":"var(--ast-global-color-4)","background-image":"","background-repeat":"repeat","background-position":"center center","background-size":"auto","background-attachment":"scroll","background-type":"","background-media":"","overlay-type":"","overlay-color":"","overlay-opacity":"","overlay-gradient":""}},"footnotes":""},"class_list":["post-88","page","type-page","status-publish","hentry"],"yoast_head":"<!-- This site is optimized with the Yoast SEO plugin v27.4 - https:\/\/yoast.com\/product\/yoast-seo-wordpress\/ -->\n<title>Events - KCN Global<\/title>\n<meta name=\"robots\" content=\"index, follow, max-snippet:-1, max-image-preview:large, max-video-preview:-1\" \/>\n<link rel=\"canonical\" href=\"https:\/\/kcn-global.com\/en\/events\/\" \/>\n<meta property=\"og:locale\" content=\"en_GB\" \/>\n<meta property=\"og:type\" content=\"article\" \/>\n<meta property=\"og:title\" content=\"Events - KCN Global\" \/>\n<meta property=\"og:description\" content=\"KCN Eventos\u200b Tras el periodo que hemos vivido es incuestionable que existe un fen\u00f3meno a valorar. Estamos ante una oleada [&hellip;]\" \/>\n<meta property=\"og:url\" content=\"https:\/\/kcn-global.com\/en\/events\/\" \/>\n<meta property=\"og:site_name\" content=\"KCN Global\" \/>\n<meta property=\"article:modified_time\" content=\"2025-09-15T20:07:55+00:00\" \/>\n<meta property=\"og:image\" content=\"https:\/\/kcn-global.com\/wp-content\/uploads\/2025\/01\/Thailandia-2.jpg\" \/>\n\t<meta property=\"og:image:width\" content=\"960\" \/>\n\t<meta property=\"og:image:height\" content=\"1280\" \/>\n\t<meta property=\"og:image:type\" content=\"image\/jpeg\" \/>\n<meta name=\"twitter:card\" content=\"summary_large_image\" \/>\n<meta name=\"twitter:label1\" content=\"Estimated reading time\" \/>\n\t<meta name=\"twitter:data1\" content=\"1 minute\" \/>\n<script type=\"application\/ld+json\" class=\"yoast-schema-graph\">{\"@context\":\"https:\\\/\\\/schema.org\",\"@graph\":[{\"@type\":\"WebPage\",\"@id\":\"https:\\\/\\\/kcn-global.com\\\/events\\\/\",\"url\":\"https:\\\/\\\/kcn-global.com\\\/events\\\/\",\"name\":\"Events - KCN Global\",\"isPartOf\":{\"@id\":\"https:\\\/\\\/kcn-global.com\\\/#website\"},\"primaryImageOfPage\":{\"@id\":\"https:\\\/\\\/kcn-global.com\\\/events\\\/#primaryimage\"},\"image\":{\"@id\":\"https:\\\/\\\/kcn-global.com\\\/events\\\/#primaryimage\"},\"thumbnailUrl\":\"https:\\\/\\\/kcn-global.com\\\/wp-content\\\/uploads\\\/2025\\\/01\\\/Thailandia-2.jpg\",\"datePublished\":\"2025-01-09T08:17:54+00:00\",\"dateModified\":\"2025-09-15T20:07:55+00:00\",\"breadcrumb\":{\"@id\":\"https:\\\/\\\/kcn-global.com\\\/events\\\/#breadcrumb\"},\"inLanguage\":\"en-GB\",\"potentialAction\":[{\"@type\":\"ReadAction\",\"target\":[\"https:\\\/\\\/kcn-global.com\\\/events\\\/\"]}]},{\"@type\":\"ImageObject\",\"inLanguage\":\"en-GB\",\"@id\":\"https:\\\/\\\/kcn-global.com\\\/events\\\/#primaryimage\",\"url\":\"https:\\\/\\\/kcn-global.com\\\/wp-content\\\/uploads\\\/2025\\\/01\\\/Thailandia-2.jpg\",\"contentUrl\":\"https:\\\/\\\/kcn-global.com\\\/wp-content\\\/uploads\\\/2025\\\/01\\\/Thailandia-2.jpg\"},{\"@type\":\"BreadcrumbList\",\"@id\":\"https:\\\/\\\/kcn-global.com\\\/events\\\/#breadcrumb\",\"itemListElement\":[{\"@type\":\"ListItem\",\"position\":1,\"name\":\"Portada\",\"item\":\"https:\\\/\\\/kcn-global.com\\\/\"},{\"@type\":\"ListItem\",\"position\":2,\"name\":\"Events\"}]},{\"@type\":\"WebSite\",\"@id\":\"https:\\\/\\\/kcn-global.com\\\/#website\",\"url\":\"https:\\\/\\\/kcn-global.com\\\/\",\"name\":\"KCN Global\",\"description\":\"\",\"publisher\":{\"@id\":\"https:\\\/\\\/kcn-global.com\\\/#organization\"},\"potentialAction\":[{\"@type\":\"SearchAction\",\"target\":{\"@type\":\"EntryPoint\",\"urlTemplate\":\"https:\\\/\\\/kcn-global.com\\\/?s={search_term_string}\"},\"query-input\":{\"@type\":\"PropertyValueSpecification\",\"valueRequired\":true,\"valueName\":\"search_term_string\"}}],\"inLanguage\":\"en-GB\"},{\"@type\":\"Organization\",\"@id\":\"https:\\\/\\\/kcn-global.com\\\/#organization\",\"name\":\"KCN Global\",\"url\":\"https:\\\/\\\/kcn-global.com\\\/\",\"logo\":{\"@type\":\"ImageObject\",\"inLanguage\":\"en-GB\",\"@id\":\"https:\\\/\\\/kcn-global.com\\\/#\\\/schema\\\/logo\\\/image\\\/\",\"url\":\"https:\\\/\\\/kcn-global.com\\\/wp-content\\\/uploads\\\/2025\\\/01\\\/ffff.png\",\"contentUrl\":\"https:\\\/\\\/kcn-global.com\\\/wp-content\\\/uploads\\\/2025\\\/01\\\/ffff.png\",\"width\":450,\"height\":621,\"caption\":\"KCN Global\"},\"image\":{\"@id\":\"https:\\\/\\\/kcn-global.com\\\/#\\\/schema\\\/logo\\\/image\\\/\"}}]}<\/script>\n<!-- \/ Yoast SEO plugin. -->","yoast_head_json":{"title":"Events - KCN Global","robots":{"index":"index","follow":"follow","max-snippet":"max-snippet:-1","max-image-preview":"max-image-preview:large","max-video-preview":"max-video-preview:-1"},"canonical":"https:\/\/kcn-global.com\/en\/events\/","og_locale":"en_GB","og_type":"article","og_title":"Events - KCN Global","og_description":"KCN Eventos\u200b Tras el periodo que hemos vivido es incuestionable que existe un fen\u00f3meno a valorar. Estamos ante una oleada [&hellip;]","og_url":"https:\/\/kcn-global.com\/en\/events\/","og_site_name":"KCN Global","article_modified_time":"2025-09-15T20:07:55+00:00","og_image":[{"width":960,"height":1280,"url":"https:\/\/kcn-global.com\/wp-content\/uploads\/2025\/01\/Thailandia-2.jpg","type":"image\/jpeg"}],"twitter_card":"summary_large_image","twitter_misc":{"Estimated reading time":"1 minute"},"schema":{"@context":"https:\/\/schema.org","@graph":[{"@type":"WebPage","@id":"https:\/\/kcn-global.com\/events\/","url":"https:\/\/kcn-global.com\/events\/","name":"Events - KCN Global","isPartOf":{"@id":"https:\/\/kcn-global.com\/#website"},"primaryImageOfPage":{"@id":"https:\/\/kcn-global.com\/events\/#primaryimage"},"image":{"@id":"https:\/\/kcn-global.com\/events\/#primaryimage"},"thumbnailUrl":"https:\/\/kcn-global.com\/wp-content\/uploads\/2025\/01\/Thailandia-2.jpg","datePublished":"2025-01-09T08:17:54+00:00","dateModified":"2025-09-15T20:07:55+00:00","breadcrumb":{"@id":"https:\/\/kcn-global.com\/events\/#breadcrumb"},"inLanguage":"en-GB","potentialAction":[{"@type":"ReadAction","target":["https:\/\/kcn-global.com\/events\/"]}]},{"@type":"ImageObject","inLanguage":"en-GB","@id":"https:\/\/kcn-global.com\/events\/#primaryimage","url":"https:\/\/kcn-global.com\/wp-content\/uploads\/2025\/01\/Thailandia-2.jpg","contentUrl":"https:\/\/kcn-global.com\/wp-content\/uploads\/2025\/01\/Thailandia-2.jpg"},{"@type":"BreadcrumbList","@id":"https:\/\/kcn-global.com\/events\/#breadcrumb","itemListElement":[{"@type":"ListItem","position":1,"name":"Portada","item":"https:\/\/kcn-global.com\/"},{"@type":"ListItem","position":2,"name":"Events"}]},{"@type":"WebSite","@id":"https:\/\/kcn-global.com\/#website","url":"https:\/\/kcn-global.com\/","name":"KCN Global","description":"","publisher":{"@id":"https:\/\/kcn-global.com\/#organization"},"potentialAction":[{"@type":"SearchAction","target":{"@type":"EntryPoint","urlTemplate":"https:\/\/kcn-global.com\/?s={search_term_string}"},"query-input":{"@type":"PropertyValueSpecification","valueRequired":true,"valueName":"search_term_string"}}],"inLanguage":"en-GB"},{"@type":"Organization","@id":"https:\/\/kcn-global.com\/#organization","name":"KCN Global","url":"https:\/\/kcn-global.com\/","logo":{"@type":"ImageObject","inLanguage":"en-GB","@id":"https:\/\/kcn-global.com\/#\/schema\/logo\/image\/","url":"https:\/\/kcn-global.com\/wp-content\/uploads\/2025\/01\/ffff.png","contentUrl":"https:\/\/kcn-global.com\/wp-content\/uploads\/2025\/01\/ffff.png","width":450,"height":621,"caption":"KCN Global"},"image":{"@id":"https:\/\/kcn-global.com\/#\/schema\/logo\/image\/"}}]}},"_hostinger_reach_plugin_has_subscription_block":false,"_hostinger_reach_plugin_is_elementor":false,"_links":{"self":[{"href":"https:\/\/kcn-global.com\/en\/wp-json\/wp\/v2\/pages\/88","targetHints":{"allow":["GET"]}}],"collection":[{"href":"https:\/\/kcn-global.com\/en\/wp-json\/wp\/v2\/pages"}],"about":[{"href":"https:\/\/kcn-global.com\/en\/wp-json\/wp\/v2\/types\/page"}],"author":[{"embeddable":true,"href":"https:\/\/kcn-global.com\/en\/wp-json\/wp\/v2\/users\/1"}],"replies":[{"embeddable":true,"href":"https:\/\/kcn-global.com\/en\/wp-json\/wp\/v2\/comments?post=88"}],"version-history":[{"count":43,"href":"https:\/\/kcn-global.com\/en\/wp-json\/wp\/v2\/pages\/88\/revisions"}],"predecessor-version":[{"id":661,"href":"https:\/\/kcn-global.com\/en\/wp-json\/wp\/v2\/pages\/88\/revisions\/661"}],"wp:attachment":[{"href":"https:\/\/kcn-global.com\/en\/wp-json\/wp\/v2\/media?parent=88"}],"curies":[{"name":"wp","href":"https:\/\/api.w.org\/{rel}","templated":true}]}}